{"id":1043,"date":"2025-06-02T10:11:01","date_gmt":"2025-06-02T08:11:01","guid":{"rendered":"https:\/\/automaxl.ch\/garanzia\/"},"modified":"2025-09-02T08:34:10","modified_gmt":"2025-09-02T06:34:10","slug":"garanzia","status":"publish","type":"page","link":"https:\/\/automaxl.ch\/it\/garanzia\/","title":{"rendered":"Garanzia"},"content":{"rendered":"<p>[et_pb_section fb_built=&#8221;1&#8243; _builder_version=&#8221;4.24.0&#8243; _module_preset=&#8221;default&#8221; custom_margin=&#8221;0px||0px||true|false&#8221; custom_padding=&#8221;0px||0px||true|false&#8221; global_colors_info=&#8221;{}&#8221;][et_pb_row _builder_version=&#8221;4.27.4&#8243; _module_preset=&#8221;default&#8221; background_image=&#8221;https:\/\/automaxl.ch\/wp-content\/uploads\/2025\/06\/auto-maxl-leasing-garantie-4.jpg&#8221; background_position=&#8221;top_center&#8221; background_vertical_offset=&#8221;26%&#8221; width=&#8221;100%&#8221; max_width=&#8221;100%&#8221; module_alignment=&#8221;center&#8221; custom_margin=&#8221;0px||0px||true|false&#8221; custom_padding=&#8221;8vw||8vw||true|false&#8221; global_colors_info=&#8221;{}&#8221;][et_pb_column type=&#8221;4_4&#8243; _builder_version=&#8221;4.24.0&#8243; _module_preset=&#8221;default&#8221; global_colors_info=&#8221;{}&#8221;][\/et_pb_column][\/et_pb_row][\/et_pb_section][et_pb_section fb_built=&#8221;1&#8243; custom_padding_last_edited=&#8221;on|phone&#8221; _builder_version=&#8221;4.22.1&#8243; _module_preset=&#8221;default&#8221; background_color=&#8221;#23262d&#8221; custom_margin=&#8221;0px||0px||false|false&#8221; custom_padding=&#8221;90px||90px||true|false&#8221; custom_padding_tablet=&#8221;||||false|false&#8221; custom_padding_phone=&#8221;50px||50px||true|false&#8221; animation_direction=&#8221;right&#8221; global_colors_info=&#8221;{}&#8221;][et_pb_row _builder_version=&#8221;4.24.0&#8243; _module_preset=&#8221;default&#8221; global_colors_info=&#8221;{}&#8221;][et_pb_column type=&#8221;4_4&#8243; _builder_version=&#8221;4.22.1&#8243; _module_preset=&#8221;default&#8221; global_colors_info=&#8221;{}&#8221;][et_pb_text _builder_version=&#8221;4.27.4&#8243; _module_preset=&#8221;default&#8221; background_layout=&#8221;dark&#8221; global_colors_info=&#8221;{}&#8221;]<\/p>\n<h2 style=\"font-weight: 400;\">Guida senza pensieri!<\/h2>\n<p>[\/et_pb_text][et_pb_text _builder_version=&#8221;4.24.0&#8243; _module_preset=&#8221;default&#8221; global_colors_info=&#8221;{}&#8221;]<\/p>\n<h1>Garanzia<\/h1>\n<p>[\/et_pb_text][\/et_pb_column][\/et_pb_row][et_pb_row column_structure=&#8221;2_3,1_3&#8243; gutter_width=&#8221;2&#8243; _builder_version=&#8221;4.24.0&#8243; _module_preset=&#8221;default&#8221; global_colors_info=&#8221;{}&#8221;][et_pb_column type=&#8221;2_3&#8243; _builder_version=&#8221;4.22.1&#8243; _module_preset=&#8221;default&#8221; global_colors_info=&#8221;{}&#8221;][et_pb_text _builder_version=&#8221;4.27.4&#8243; _module_preset=&#8221;default&#8221; background_layout=&#8221;dark&#8221; global_colors_info=&#8221;{}&#8221;]<\/p>\n<p>Quando si acquista un veicolo, fidarsi \u00e8 bene &#8211; garantire \u00e8 meglio. Ecco perch\u00e9 Auto Maxl AG ti offre servizi di garanzia completi, in modo che tu possa sentirti completamente sicuro anche dopo l&#8217;acquisto.<\/p>\n<p>Le nostre offerte di garanzia ti proteggono in modo affidabile dai costi di riparazione imprevisti e, a seconda del pacchetto, coprono molti componenti importanti del tuo veicolo, dal motore alla trasmissione fino all&#8217;elettronica. Indipendentemente dal fatto che tu scelga un veicolo nuovo o usato: Ti consiglieremo in modo trasparente le opzioni di garanzia pi\u00f9 appropriate e ti spiegheremo quali servizi sono inclusi.<\/p>\n<p>Grazie alla nostra garanzia, puoi guidare senza preoccupazioni e beneficiare di costi prevedibili e di un elevato livello di sicurezza. In caso di danni, ci occupiamo di un&#8217;elaborazione rapida e professionale, in modo che tu possa rimanere in movimento.<\/p>\n<p>Affidati alla qualit\u00e0 dei nostri veicoli e al servizio di Auto Maxl AG. Con una garanzia, non solo potrai guidare un veicolo adatto a te, ma avrai anche la sensazione di essere coperto. Saremo lieti di consigliarti personalmente su tutte le opzioni di garanzia.<\/p>\n<p>[\/et_pb_text][\/et_pb_column][et_pb_column type=&#8221;1_3&#8243; _builder_version=&#8221;4.22.1&#8243; _module_preset=&#8221;default&#8221; global_colors_info=&#8221;{}&#8221;][et_pb_image src=&#8221;https:\/\/automaxl.ch\/wp-content\/uploads\/2025\/06\/qualitiy1.png&#8221; title_text=&#8221;qualit\u00e01&#8243; align=&#8221;center&#8221; _builder_version=&#8221;4.27.4&#8243; _module_preset=&#8221;default&#8221; max_width=&#8221;250px&#8221; global_colors_info=&#8221;{}&#8221;][\/et_pb_image][\/et_pb_column][\/et_pb_row][\/et_pb_section][et_pb_section fb_built=&#8221;1&#8243; custom_padding_last_edited=&#8221;on|phone&#8221; _builder_version=&#8221;4.24.0&#8243; _module_preset=&#8221;default&#8221; background_image=&#8221;https:\/\/automaxl.ch\/wp-content\/uploads\/2024\/02\/erik-mclean-3WAMh1omVAY-unsplash.jpg&#8221; custom_margin=&#8221;0px||0px||false|false&#8221; custom_padding=&#8221;118px||0px||false|false&#8221; custom_padding_tablet=&#8221;100px||0px||false|false&#8221; custom_padding_phone=&#8221;90px||0px||false|false&#8221; global_module=&#8221;196&#8243; saved_tabs=&#8221;all&#8221; global_colors_info=&#8221;{}&#8221;][et_pb_row _builder_version=&#8221;4.22.1&#8243; _module_preset=&#8221;default&#8221; max_width=&#8221;870px&#8221; custom_margin=&#8221;0px||53px||false|false&#8221; global_colors_info=&#8221;{}&#8221;][et_pb_column type=&#8221;4_4&#8243; _builder_version=&#8221;4.22.1&#8243; _module_preset=&#8221;default&#8221; global_colors_info=&#8221;{}&#8221;][et_pb_text _builder_version=&#8221;4.24.0&#8243; _module_preset=&#8221;default&#8221; text_orientation=&#8221;center&#8221; background_layout=&#8221;dark&#8221; global_colors_info=&#8221;{}&#8221;]<\/p>\n<h4>SEI INTERESSATO?<\/h4>\n<p>[\/et_pb_text][et_pb_text _builder_version=&#8221;4.24.0&#8243; _module_preset=&#8221;default&#8221; text_orientation=&#8221;center&#8221; background_layout=&#8221;dark&#8221; global_colors_info=&#8221;{}&#8221;]<\/p>\n<h2>SIAMO LIETI DI ASCOLTARTI<\/h2>\n<p>[\/et_pb_text][et_pb_text _builder_version=&#8221;4.24.0&#8243; _module_preset=&#8221;default&#8221; text_orientation=&#8221;center&#8221; background_layout=&#8221;dark&#8221; custom_margin=&#8221;0px||||false|false&#8221; global_colors_info=&#8221;{}&#8221;]<\/p>\n<p>Affidati ad Auto Maxl AG come primo punto di riferimento per il commercio di veicoli. Scopri la qualit\u00e0, l&#8217;affidabilit\u00e0 e il servizio eccellente, tutto sotto lo stesso tetto. Non vediamo l&#8217;ora di aiutarti a conquistare le strade con l&#8217;auto dei tuoi sogni.<\/p>\n<p>[\/et_pb_text][et_pb_button button_url=&#8221;https:\/\/automaxl.ch\/kontakt\/&#8221; button_text=&#8221;Contattaci&#8221; button_alignment=&#8221;center&#8221; _builder_version=&#8221;4.27.4&#8243; _module_preset=&#8221;default&#8221; button_icon=&#8221;&#xf073;||fa||400&#8243; button_on_hover=&#8221;off&#8221; custom_margin=&#8221;25px||0px||false|false&#8221; custom_padding=&#8221;9px|55px|9px|40px|false|false&#8221; global_colors_info=&#8221;{}&#8221; button_bg_color__hover_enabled=&#8221;on|desktop&#8221; button_bg_color__hover=&#8221;#FFFFFF&#8221; button_bg_enable_color__hover=&#8221;on&#8221; button_text_color__hover_enabled=&#8221;on|hover&#8221; button_text_color__hover=&#8221;#30373e&#8221;][\/et_pb_button][\/et_pb_column][\/et_pb_row][et_pb_row _builder_version=&#8221;4.22.1&#8243; _module_preset=&#8221;default&#8221; custom_padding=&#8221;32px||32px||false|false&#8221; border_width_top=&#8221;1px&#8221; border_color_top=&#8221;#434a52&#8243; global_colors_info=&#8221;{}&#8221;][et_pb_column type=&#8221;4_4&#8243; _builder_version=&#8221;4.22.1&#8243; _module_preset=&#8221;default&#8221; global_colors_info=&#8221;{}&#8221;][\/et_pb_column][\/et_pb_row][\/et_pb_section]<\/p>\n","protected":false},"excerpt":{"rendered":"<p>Guida senza pensieri!GaranziaQuando si acquista un veicolo, fidarsi \u00e8 bene &#8211; garantire \u00e8 meglio. Ecco perch\u00e9 Auto Maxl AG ti offre servizi di garanzia completi, in modo che tu possa sentirti completamente sicuro anche dopo l&#8217;acquisto. Le nostre offerte di garanzia ti proteggono in modo affidabile dai costi di riparazione imprevisti e, a seconda del [&hellip;]<\/p>\n","protected":false},"author":1,"featured_media":0,"parent":0,"menu_order":0,"comment_status":"closed","ping_status":"closed","template":"","meta":{"_et_pb_use_builder":"on","_et_pb_old_content":"","_et_gb_content_width":"","footnotes":""},"dipi_cpt_category":[],"class_list":["post-1043","page","type-page","status-publish","hentry"],"yoast_head":"<!-- This site is optimized with the Yoast SEO plugin v27.5 - https:\/\/yoast.com\/product\/yoast-seo-wordpress\/ -->\n<title>Garanzia - AUTO MAXL AG<\/title>\n<meta name=\"robots\" content=\"index, follow, max-snippet:-1, max-image-preview:large, max-video-preview:-1\" \/>\n<link rel=\"canonical\" href=\"https:\/\/automaxl.ch\/it\/garanzia\/\" \/>\n<meta property=\"og:locale\" content=\"it_IT\" \/>\n<meta property=\"og:type\" content=\"article\" \/>\n<meta property=\"og:title\" content=\"Garanzia - AUTO MAXL AG\" \/>\n<meta property=\"og:description\" content=\"Guida senza pensieri!GaranziaQuando si acquista un veicolo, fidarsi \u00e8 bene - garantire \u00e8 meglio. Ecco perch\u00e9 Auto Maxl AG ti offre servizi di garanzia completi, in modo che tu possa sentirti completamente sicuro anche dopo l&#039;acquisto. Le nostre offerte di garanzia ti proteggono in modo affidabile dai costi di riparazione imprevisti e, a seconda del [&hellip;]\" \/>\n<meta property=\"og:url\" content=\"https:\/\/automaxl.ch\/it\/garanzia\/\" \/>\n<meta property=\"og:site_name\" content=\"AUTO MAXL AG\" \/>\n<meta property=\"article:modified_time\" content=\"2025-09-02T06:34:10+00:00\" \/>\n<meta name=\"twitter:card\" content=\"summary_large_image\" \/>\n<meta name=\"twitter:label1\" content=\"Tempo di lettura stimato\" \/>\n\t<meta name=\"twitter:data1\" content=\"4 minuti\" \/>\n<script type=\"application\/ld+json\" class=\"yoast-schema-graph\">{\"@context\":\"https:\\\/\\\/schema.org\",\"@graph\":[{\"@type\":\"WebPage\",\"@id\":\"https:\\\/\\\/automaxl.ch\\\/it\\\/garanzia\\\/\",\"url\":\"https:\\\/\\\/automaxl.ch\\\/it\\\/garanzia\\\/\",\"name\":\"Garanzia - AUTO MAXL AG\",\"isPartOf\":{\"@id\":\"https:\\\/\\\/automaxl.ch\\\/it\\\/#website\"},\"datePublished\":\"2025-06-02T08:11:01+00:00\",\"dateModified\":\"2025-09-02T06:34:10+00:00\",\"breadcrumb\":{\"@id\":\"https:\\\/\\\/automaxl.ch\\\/it\\\/garanzia\\\/#breadcrumb\"},\"inLanguage\":\"it-IT\",\"potentialAction\":[{\"@type\":\"ReadAction\",\"target\":[\"https:\\\/\\\/automaxl.ch\\\/it\\\/garanzia\\\/\"]}]},{\"@type\":\"BreadcrumbList\",\"@id\":\"https:\\\/\\\/automaxl.ch\\\/it\\\/garanzia\\\/#breadcrumb\",\"itemListElement\":[{\"@type\":\"ListItem\",\"position\":1,\"name\":\"Startseite\",\"item\":\"https:\\\/\\\/automaxl.ch\\\/it\\\/casa\\\/\"},{\"@type\":\"ListItem\",\"position\":2,\"name\":\"Garanzia\"}]},{\"@type\":\"WebSite\",\"@id\":\"https:\\\/\\\/automaxl.ch\\\/it\\\/#website\",\"url\":\"https:\\\/\\\/automaxl.ch\\\/it\\\/\",\"name\":\"AUTO MAXL AG\",\"description\":\"Ihr Autohandel in St.Gallen\",\"potentialAction\":[{\"@type\":\"SearchAction\",\"target\":{\"@type\":\"EntryPoint\",\"urlTemplate\":\"https:\\\/\\\/automaxl.ch\\\/it\\\/?s={search_term_string}\"},\"query-input\":{\"@type\":\"PropertyValueSpecification\",\"valueRequired\":true,\"valueName\":\"search_term_string\"}}],\"inLanguage\":\"it-IT\"}]}<\/script>\n<!-- \/ Yoast SEO plugin. -->","yoast_head_json":{"title":"Garanzia - AUTO MAXL AG","robots":{"index":"index","follow":"follow","max-snippet":"max-snippet:-1","max-image-preview":"max-image-preview:large","max-video-preview":"max-video-preview:-1"},"canonical":"https:\/\/automaxl.ch\/it\/garanzia\/","og_locale":"it_IT","og_type":"article","og_title":"Garanzia - AUTO MAXL AG","og_description":"Guida senza pensieri!GaranziaQuando si acquista un veicolo, fidarsi \u00e8 bene - garantire \u00e8 meglio. Ecco perch\u00e9 Auto Maxl AG ti offre servizi di garanzia completi, in modo che tu possa sentirti completamente sicuro anche dopo l'acquisto. Le nostre offerte di garanzia ti proteggono in modo affidabile dai costi di riparazione imprevisti e, a seconda del [&hellip;]","og_url":"https:\/\/automaxl.ch\/it\/garanzia\/","og_site_name":"AUTO MAXL AG","article_modified_time":"2025-09-02T06:34:10+00:00","twitter_card":"summary_large_image","twitter_misc":{"Tempo di lettura stimato":"4 minuti"},"schema":{"@context":"https:\/\/schema.org","@graph":[{"@type":"WebPage","@id":"https:\/\/automaxl.ch\/it\/garanzia\/","url":"https:\/\/automaxl.ch\/it\/garanzia\/","name":"Garanzia - AUTO MAXL AG","isPartOf":{"@id":"https:\/\/automaxl.ch\/it\/#website"},"datePublished":"2025-06-02T08:11:01+00:00","dateModified":"2025-09-02T06:34:10+00:00","breadcrumb":{"@id":"https:\/\/automaxl.ch\/it\/garanzia\/#breadcrumb"},"inLanguage":"it-IT","potentialAction":[{"@type":"ReadAction","target":["https:\/\/automaxl.ch\/it\/garanzia\/"]}]},{"@type":"BreadcrumbList","@id":"https:\/\/automaxl.ch\/it\/garanzia\/#breadcrumb","itemListElement":[{"@type":"ListItem","position":1,"name":"Startseite","item":"https:\/\/automaxl.ch\/it\/casa\/"},{"@type":"ListItem","position":2,"name":"Garanzia"}]},{"@type":"WebSite","@id":"https:\/\/automaxl.ch\/it\/#website","url":"https:\/\/automaxl.ch\/it\/","name":"AUTO MAXL AG","description":"Ihr Autohandel in St.Gallen","potentialAction":[{"@type":"SearchAction","target":{"@type":"EntryPoint","urlTemplate":"https:\/\/automaxl.ch\/it\/?s={search_term_string}"},"query-input":{"@type":"PropertyValueSpecification","valueRequired":true,"valueName":"search_term_string"}}],"inLanguage":"it-IT"}]}},"_links":{"self":[{"href":"https:\/\/automaxl.ch\/it\/wp-json\/wp\/v2\/pages\/1043","targetHints":{"allow":["GET"]}}],"collection":[{"href":"https:\/\/automaxl.ch\/it\/wp-json\/wp\/v2\/pages"}],"about":[{"href":"https:\/\/automaxl.ch\/it\/wp-json\/wp\/v2\/types\/page"}],"author":[{"embeddable":true,"href":"https:\/\/automaxl.ch\/it\/wp-json\/wp\/v2\/users\/1"}],"replies":[{"embeddable":true,"href":"https:\/\/automaxl.ch\/it\/wp-json\/wp\/v2\/comments?post=1043"}],"version-history":[{"count":2,"href":"https:\/\/automaxl.ch\/it\/wp-json\/wp\/v2\/pages\/1043\/revisions"}],"predecessor-version":[{"id":1055,"href":"https:\/\/automaxl.ch\/it\/wp-json\/wp\/v2\/pages\/1043\/revisions\/1055"}],"wp:attachment":[{"href":"https:\/\/automaxl.ch\/it\/wp-json\/wp\/v2\/media?parent=1043"}],"wp:term":[{"taxonomy":"dipi_cpt_category","embeddable":true,"href":"https:\/\/automaxl.ch\/it\/wp-json\/wp\/v2\/dipi_cpt_category?post=1043"}],"curies":[{"name":"wp","href":"https:\/\/api.w.org\/{rel}","templated":true}]}}